{"id":2327,"date":"2025-12-08T12:44:02","date_gmt":"2025-12-08T12:44:02","guid":{"rendered":"https:\/\/transimex-cm.com\/?page_id=2327"},"modified":"2025-12-12T17:02:48","modified_gmt":"2025-12-12T17:02:48","slug":"projet","status":"publish","type":"page","link":"https:\/\/transimex-cm.com\/en\/projet\/","title":{"rendered":"Projet"},"content":{"rendered":"<div data-elementor-type=\"wp-page\" data-elementor-id=\"2327\" class=\"elementor elementor-2327\" data-elementor-settings=\"{&quot;ha_cmc_init_switcher&quot;:&quot;no&quot;}\" data-elementor-post-type=\"page\">\n\t\t\t\t<div class=\"elementor-element elementor-element-a2fa2ab e-flex e-con-boxed e-con e-parent\" data-id=\"a2fa2ab\" data-element_type=\"container\" data-settings=\"{&quot;background_background&quot;:&quot;classic&quot;,&quot;_ha_eqh_enable&quot;:false,&quot;ekit_has_onepagescroll_dot&quot;:&quot;yes&quot;}\">\n\t\t\t\t\t<div class=\"e-con-inner\">\n\t\t\t\t<div class=\"elementor-element elementor-element-b39aa7b elementor-icon-list--layout-traditional elementor-list-item-link-full_width elementor-widget elementor-widget-icon-list\" data-id=\"b39aa7b\" data-element_type=\"widget\" data-settings=\"{&quot;ekit_we_effect_on&quot;:&quot;none&quot;}\" data-widget_type=\"icon-list.default\">\n\t\t\t\t\t\t\t<ul class=\"elementor-icon-list-items\">\n\t\t\t\t\t\t\t<li class=\"elementor-icon-list-item\">\n\t\t\t\t\t\t\t\t\t\t\t<span class=\"elementor-icon-list-icon\">\n\t\t\t\t\t\t\t<svg aria-hidden=\"true\" class=\"e-font-icon-svg e-fas-project-diagram\" viewbox=\"0 0 640 512\" xmlns=\"http:\/\/www.w3.org\/2000\/svg\"><path d=\"M384 320H256c-17.67 0-32 14.33-32 32v128c0 17.67 14.33 32 32 32h128c17.67 0 32-14.33 32-32V352c0-17.67-14.33-32-32-32zM192 32c0-17.67-14.33-32-32-32H32C14.33 0 0 14.33 0 32v128c0 17.67 14.33 32 32 32h95.72l73.16 128.04C211.98 300.98 232.4 288 256 288h.28L192 175.51V128h224V64H192V32zM608 0H480c-17.67 0-32 14.33-32 32v128c0 17.67 14.33 32 32 32h128c17.67 0 32-14.33 32-32V32c0-17.67-14.33-32-32-32z\"><\/path><\/svg>\t\t\t\t\t\t<\/span>\n\t\t\t\t\t\t\t\t\t\t<span class=\"elementor-icon-list-text\">OUR PROJECTS<\/span>\n\t\t\t\t\t\t\t\t\t<\/li>\n\t\t\t\t\t\t<\/ul>\n\t\t\t\t\t\t<\/div>\n\t\t\t\t\t<\/div>\n\t\t\t\t<\/div>\n\t\t<div class=\"elementor-element elementor-element-531694b e-con-full e-flex elementor-invisible e-con e-parent\" data-id=\"531694b\" data-element_type=\"container\" data-settings=\"{&quot;animation&quot;:&quot;fadeInUp&quot;,&quot;_ha_eqh_enable&quot;:false,&quot;ekit_has_onepagescroll_dot&quot;:&quot;yes&quot;}\">\n\t\t<div class=\"elementor-element elementor-element-d67fce3 e-con-full e-flex e-con e-child\" data-id=\"d67fce3\" data-element_type=\"container\" data-settings=\"{&quot;_ha_eqh_enable&quot;:false,&quot;ekit_has_onepagescroll_dot&quot;:&quot;yes&quot;}\">\n\t\t\t\t<div class=\"elementor-element elementor-element-400216c elementor-widget elementor-widget-heading\" data-id=\"400216c\" data-element_type=\"widget\" data-settings=\"{&quot;ekit_we_effect_on&quot;:&quot;none&quot;}\" data-widget_type=\"heading.default\">\n\t\t\t\t\t<h2 class=\"elementor-heading-title elementor-size-default\">SEALINK PROJECT<\/h2>\t\t\t\t<\/div>\n\t\t\t\t<div class=\"elementor-element elementor-element-682cd9e elementor-widget elementor-widget-text-editor\" data-id=\"682cd9e\" data-element_type=\"widget\" data-settings=\"{&quot;ekit_we_effect_on&quot;:&quot;none&quot;}\" data-widget_type=\"text-editor.default\">\n\t\t\t\t\t\t\t\t\t<p><strong>TRANSIMEX is part of the SEALINK project based in Nigeria<\/strong>, whose primary mission is to complement and fill the gap in the region's maritime\/logistics infrastructure.<\/p>\t\t\t\t\t\t\t\t<\/div>\n\t\t\t\t<div class=\"elementor-element elementor-element-3ac3d39 elementor-widget elementor-widget-text-editor\" data-id=\"3ac3d39\" data-element_type=\"widget\" data-settings=\"{&quot;ekit_we_effect_on&quot;:&quot;none&quot;}\" data-widget_type=\"text-editor.default\">\n\t\t\t\t\t\t\t\t\t<p><strong>SEA LINK aims to<\/strong> promote intra-regional and inland maritime services as a catalyst for trade and regional integration<\/p>\t\t\t\t\t\t\t\t<\/div>\n\t\t\t\t<\/div>\n\t\t<div class=\"elementor-element elementor-element-2a6c795 e-con-full e-flex e-con e-child\" data-id=\"2a6c795\" data-element_type=\"container\" data-settings=\"{&quot;background_background&quot;:&quot;classic&quot;,&quot;_ha_eqh_enable&quot;:false,&quot;ekit_has_onepagescroll_dot&quot;:&quot;yes&quot;}\">\n\t\t\t\t<\/div>\n\t\t\t\t<\/div>\n\t\t<div class=\"elementor-element elementor-element-23fc2473 e-flex e-con-boxed e-con e-parent\" data-id=\"23fc2473\" data-element_type=\"container\" data-settings=\"{&quot;background_background&quot;:&quot;classic&quot;,&quot;_ha_eqh_enable&quot;:false,&quot;ekit_has_onepagescroll_dot&quot;:&quot;yes&quot;}\">\n\t\t\t\t\t<div class=\"e-con-inner\">\n\t\t\t\t<div class=\"elementor-element elementor-element-3b01a330 elementor-invisible elementor-widget elementor-widget-elementskit-heading\" data-id=\"3b01a330\" data-element_type=\"widget\" data-settings=\"{&quot;_animation&quot;:&quot;fadeInUp&quot;,&quot;ekit_we_effect_on&quot;:&quot;none&quot;}\" data-widget_type=\"elementskit-heading.default\">\n\t\t\t\t\t<div class=\"ekit-wid-con\" ><div class=\"ekit-heading elementskit-section-title-wraper center   ekit_heading_tablet-   ekit_heading_mobile-\"><h2 class=\"ekit-heading--title elementskit-section-title\">The key values of this partnership revolve around<\/h2><\/div><\/div>\t\t\t\t<\/div>\n\t\t<div class=\"elementor-element elementor-element-6961e7d0 e-con-full e-grid elementor-invisible e-con e-child\" data-id=\"6961e7d0\" data-element_type=\"container\" data-settings=\"{&quot;animation&quot;:&quot;fadeInUp&quot;,&quot;_ha_eqh_enable&quot;:false,&quot;ekit_has_onepagescroll_dot&quot;:&quot;yes&quot;}\">\n\t\t\t\t<div class=\"elementor-element elementor-element-6742528 ekit-equal-height-disable elementor-widget elementor-widget-elementskit-icon-box\" data-id=\"6742528\" data-element_type=\"widget\" data-settings=\"{&quot;ekit_we_effect_on&quot;:&quot;none&quot;}\" data-widget_type=\"elementskit-icon-box.default\">\n\t\t\t\t\t<div class=\"ekit-wid-con\" >        <!-- link opening -->\n                <a href=\"#\" class=\"ekit_global_links\">\n                <!-- end link opening -->\n\n        <div class=\"elementskit-infobox text-center text-center icon-top-align elementor-animation-\">\n                    <div class=\"elementskit-box-header elementor-animation-\">\n                <div class=\"elementskit-info-box-icon\">\n                    <i aria-hidden=\"true\" class=\"elementkit-infobox-icon huge huge-connect\"><\/i>\n                <\/div>\n          <\/div>\n                        <div class=\"box-body\">\n                        \t\t  \t<p>Improving maritime trade and connectivity<\/p>\n                                <\/div>\n        \n        \n                <\/div>\n                <\/a>\n        <\/div>\t\t\t\t<\/div>\n\t\t\t\t<div class=\"elementor-element elementor-element-7d79fac7 ekit-equal-height-disable elementor-widget elementor-widget-elementskit-icon-box\" data-id=\"7d79fac7\" data-element_type=\"widget\" data-settings=\"{&quot;ekit_we_effect_on&quot;:&quot;none&quot;}\" data-widget_type=\"elementskit-icon-box.default\">\n\t\t\t\t\t<div class=\"ekit-wid-con\" >        <!-- link opening -->\n                <a href=\"#\" class=\"ekit_global_links\">\n                <!-- end link opening -->\n\n        <div class=\"elementskit-infobox text-center text- icon-top-align elementor-animation-\">\n                    <div class=\"elementskit-box-header elementor-animation-\">\n                <div class=\"elementskit-info-box-icon\">\n                    <i aria-hidden=\"true\" class=\"elementkit-infobox-icon icon icon-save-money\"><\/i>\n                <\/div>\n          <\/div>\n                        <div class=\"box-body\">\n                        \t\t  \t<p>Reducing logistics\/transit costs<\/p>\n                                <\/div>\n        \n        \n                <\/div>\n                <\/a>\n        <\/div>\t\t\t\t<\/div>\n\t\t\t\t<div class=\"elementor-element elementor-element-6b5b720d ekit-equal-height-disable elementor-widget elementor-widget-elementskit-icon-box\" data-id=\"6b5b720d\" data-element_type=\"widget\" data-settings=\"{&quot;ekit_we_effect_on&quot;:&quot;none&quot;}\" data-widget_type=\"elementskit-icon-box.default\">\n\t\t\t\t\t<div class=\"ekit-wid-con\" >        <!-- link opening -->\n                <a href=\"#\" class=\"ekit_global_links\">\n                <!-- end link opening -->\n\n        <div class=\"elementskit-infobox text-center text- icon-top-align elementor-animation-\">\n                    <div class=\"elementskit-box-header elementor-animation-\">\n                <div class=\"elementskit-info-box-icon\">\n                    <i aria-hidden=\"true\" class=\"elementkit-infobox-icon huge huge-ferry-boat\"><\/i>\n                <\/div>\n          <\/div>\n                        <div class=\"box-body\">\n                        \t\t  \t<p>Bulk freight capacity<\/p>\n                                <\/div>\n        \n        \n                <\/div>\n                <\/a>\n        <\/div>\t\t\t\t<\/div>\n\t\t\t\t<div class=\"elementor-element elementor-element-5002bc56 ekit-equal-height-disable elementor-widget elementor-widget-elementskit-icon-box\" data-id=\"5002bc56\" data-element_type=\"widget\" data-settings=\"{&quot;ekit_we_effect_on&quot;:&quot;none&quot;}\" data-widget_type=\"elementskit-icon-box.default\">\n\t\t\t\t\t<div class=\"ekit-wid-con\" >        <!-- link opening -->\n                <a href=\"#\" class=\"ekit_global_links\">\n                <!-- end link opening -->\n\n        <div class=\"elementskit-infobox text-center text- icon-top-align elementor-animation-\">\n                    <div class=\"elementskit-box-header elementor-animation-\">\n                <div class=\"elementskit-info-box-icon\">\n                    <i aria-hidden=\"true\" class=\"elementkit-infobox-icon huge huge-unlink-03\"><\/i>\n                <\/div>\n          <\/div>\n                        <div class=\"box-body\">\n                        \t\t  \t<p>Promotion and facilitation of intra-regional trade<\/p>\n                                <\/div>\n        \n        \n                <\/div>\n                <\/a>\n        <\/div>\t\t\t\t<\/div>\n\t\t\t\t<div class=\"elementor-element elementor-element-7ae8bd9a ekit-equal-height-disable elementor-widget elementor-widget-elementskit-icon-box\" data-id=\"7ae8bd9a\" data-element_type=\"widget\" data-settings=\"{&quot;ekit_we_effect_on&quot;:&quot;none&quot;}\" data-widget_type=\"elementskit-icon-box.default\">\n\t\t\t\t\t<div class=\"ekit-wid-con\" >        <!-- link opening -->\n                <a href=\"#\" class=\"ekit_global_links\">\n                <!-- end link opening -->\n\n        <div class=\"elementskit-infobox text-center text- icon-top-align elementor-animation-\">\n                    <div class=\"elementskit-box-header elementor-animation-\">\n                <div class=\"elementskit-info-box-icon\">\n                    <i aria-hidden=\"true\" class=\"elementkit-infobox-icon huge huge-card-exchange-02\"><\/i>\n                <\/div>\n          <\/div>\n                        <div class=\"box-body\">\n                        \t\t  \t<p>Hinterland trade and transit facilitation<\/p>\n                                <\/div>\n        \n        \n                <\/div>\n                <\/a>\n        <\/div>\t\t\t\t<\/div>\n\t\t\t\t<div class=\"elementor-element elementor-element-42ad9e4e ekit-equal-height-disable elementor-widget elementor-widget-elementskit-icon-box\" data-id=\"42ad9e4e\" data-element_type=\"widget\" data-settings=\"{&quot;ekit_we_effect_on&quot;:&quot;none&quot;}\" data-widget_type=\"elementskit-icon-box.default\">\n\t\t\t\t\t<div class=\"ekit-wid-con\" >        <!-- link opening -->\n                <a href=\"#\" class=\"ekit_global_links\">\n                <!-- end link opening -->\n\n        <div class=\"elementskit-infobox text-center text- icon-top-align elementor-animation-\">\n                    <div class=\"elementskit-box-header elementor-animation-\">\n                <div class=\"elementskit-info-box-icon\">\n                    <i aria-hidden=\"true\" class=\"elementkit-infobox-icon icon icon-hand_shake\"><\/i>\n                <\/div>\n          <\/div>\n                        <div class=\"box-body\">\n                        \t\t  \t<p>Improving the performance of regional trade logistics<\/p>\n                                <\/div>\n        \n        \n                <\/div>\n                <\/a>\n        <\/div>\t\t\t\t<\/div>\n\t\t\t\t<div class=\"elementor-element elementor-element-57bbc93 ekit-equal-height-disable elementor-widget elementor-widget-elementskit-icon-box\" data-id=\"57bbc93\" data-element_type=\"widget\" data-settings=\"{&quot;ekit_we_effect_on&quot;:&quot;none&quot;}\" data-widget_type=\"elementskit-icon-box.default\">\n\t\t\t\t\t<div class=\"ekit-wid-con\" >        <!-- link opening -->\n                <a href=\"#\" class=\"ekit_global_links\">\n                <!-- end link opening -->\n\n        <div class=\"elementskit-infobox text-center text- icon-top-align elementor-animation-\">\n                    <div class=\"elementskit-box-header elementor-animation-\">\n                <div class=\"elementskit-info-box-icon\">\n                    <i aria-hidden=\"true\" class=\"elementkit-infobox-icon icon icon-star\"><\/i>\n                <\/div>\n          <\/div>\n                        <div class=\"box-body\">\n                        \t\t  \t<p>Facilitating end-to-end cold chain logistics solutions<\/p>\n                                <\/div>\n        \n        \n                <\/div>\n                <\/a>\n        <\/div>\t\t\t\t<\/div>\n\t\t\t\t<\/div>\n\t\t\t\t\t<\/div>\n\t\t\t\t<\/div>\n\t\t<div class=\"elementor-element elementor-element-4dc91497 e-flex e-con-boxed elementor-invisible e-con e-parent\" data-id=\"4dc91497\" data-element_type=\"container\" data-settings=\"{&quot;animation&quot;:&quot;fadeInUp&quot;,&quot;_ha_eqh_enable&quot;:false,&quot;ekit_has_onepagescroll_dot&quot;:&quot;yes&quot;}\">\n\t\t\t\t\t<div class=\"e-con-inner\">\n\t\t\t\t<div class=\"elementor-element elementor-element-6ae07a48 elementor-widget elementor-widget-elementskit-heading\" data-id=\"6ae07a48\" data-element_type=\"widget\" data-settings=\"{&quot;ekit_we_effect_on&quot;:&quot;none&quot;}\" data-widget_type=\"elementskit-heading.default\">\n\t\t\t\t\t<div class=\"ekit-wid-con\" ><div class=\"ekit-heading elementskit-section-title-wraper text_center   ekit_heading_tablet-   ekit_heading_mobile-\"><h1 class=\"ekit-heading--title elementskit-section-title\">CORRIDOR  <span><span>SEA LINK<\/span><\/span><\/h1>\t\t\t\t<div class='ekit-heading__description'>\n\t\t\t\t\t<p>Operation of inland waterways<\/p>\n\t\t\t\t<\/div>\n\t\t\t<\/div><\/div>\t\t\t\t<\/div>\n\t\t\t\t\t<\/div>\n\t\t\t\t<\/div>\n\t\t<div class=\"elementor-element elementor-element-23fc0ff e-con-full e-flex elementor-invisible e-con e-parent\" data-id=\"23fc0ff\" data-element_type=\"container\" data-settings=\"{&quot;animation&quot;:&quot;fadeInUp&quot;,&quot;_ha_eqh_enable&quot;:false,&quot;ekit_has_onepagescroll_dot&quot;:&quot;yes&quot;}\">\n\t\t<div class=\"elementor-element elementor-element-fb94166 e-con-full e-flex e-con e-child\" data-id=\"fb94166\" data-element_type=\"container\" data-settings=\"{&quot;_ha_eqh_enable&quot;:false,&quot;ekit_has_onepagescroll_dot&quot;:&quot;yes&quot;}\">\n\t\t\t\t<div class=\"elementor-element elementor-element-c414aef elementor-widget elementor-widget-heading\" data-id=\"c414aef\" data-element_type=\"widget\" data-settings=\"{&quot;ekit_we_effect_on&quot;:&quot;none&quot;}\" data-widget_type=\"heading.default\">\n\t\t\t\t\t<h2 class=\"elementor-heading-title elementor-size-default\">Operation of inland waterways<\/h2>\t\t\t\t<\/div>\n\t\t\t\t<div class=\"elementor-element elementor-element-a0c9fe1 elementor-widget elementor-widget-image\" data-id=\"a0c9fe1\" data-element_type=\"widget\" data-settings=\"{&quot;ekit_we_effect_on&quot;:&quot;none&quot;}\" data-widget_type=\"image.default\">\n\t\t\t\t\t\t\t\t\t\t\t\t\t\t\t<img fetchpriority=\"high\" decoding=\"async\" width=\"500\" height=\"335\" src=\"https:\/\/transimex-cm.com\/wp-content\/uploads\/2025\/12\/image.png\" class=\"attachment-large size-large wp-image-2527\" alt=\"\" srcset=\"https:\/\/transimex-cm.com\/wp-content\/uploads\/2025\/12\/image.png 500w, https:\/\/transimex-cm.com\/wp-content\/uploads\/2025\/12\/image-300x201.png 300w, https:\/\/transimex-cm.com\/wp-content\/uploads\/2025\/12\/image-18x12.png 18w\" sizes=\"(max-width: 500px) 100vw, 500px\" \/>\t\t\t\t\t\t\t\t\t\t\t\t\t\t\t<\/div>\n\t\t\t\t<\/div>\n\t\t<div class=\"elementor-element elementor-element-0cdb4da e-con-full e-flex e-con e-child\" data-id=\"0cdb4da\" data-element_type=\"container\" data-settings=\"{&quot;_ha_eqh_enable&quot;:false,&quot;ekit_has_onepagescroll_dot&quot;:&quot;yes&quot;}\">\n\t\t\t\t<div class=\"elementor-element elementor-element-4683e01 elementor-widget elementor-widget-heading\" data-id=\"4683e01\" data-element_type=\"widget\" data-settings=\"{&quot;ekit_we_effect_on&quot;:&quot;none&quot;}\" data-widget_type=\"heading.default\">\n\t\t\t\t\t<h2 class=\"elementor-heading-title elementor-size-default\">intra-coastal operations<\/h2>\t\t\t\t<\/div>\n\t\t\t\t<div class=\"elementor-element elementor-element-073b611 elementor-widget elementor-widget-image\" data-id=\"073b611\" data-element_type=\"widget\" data-settings=\"{&quot;ekit_we_effect_on&quot;:&quot;none&quot;}\" data-widget_type=\"image.default\">\n\t\t\t\t\t\t\t\t\t\t\t\t\t\t\t<img decoding=\"async\" width=\"790\" height=\"250\" src=\"https:\/\/transimex-cm.com\/wp-content\/uploads\/2025\/12\/image-1.png\" class=\"attachment-large size-large wp-image-2528\" alt=\"\" srcset=\"https:\/\/transimex-cm.com\/wp-content\/uploads\/2025\/12\/image-1.png 790w, https:\/\/transimex-cm.com\/wp-content\/uploads\/2025\/12\/image-1-300x95.png 300w, https:\/\/transimex-cm.com\/wp-content\/uploads\/2025\/12\/image-1-768x243.png 768w, https:\/\/transimex-cm.com\/wp-content\/uploads\/2025\/12\/image-1-18x6.png 18w\" sizes=\"(max-width: 790px) 100vw, 790px\" \/>\t\t\t\t\t\t\t\t\t\t\t\t\t\t\t<\/div>\n\t\t\t\t<div class=\"elementor-element elementor-element-c1e1e47 elementor-widget elementor-widget-image\" data-id=\"c1e1e47\" data-element_type=\"widget\" data-settings=\"{&quot;ekit_we_effect_on&quot;:&quot;none&quot;}\" data-widget_type=\"image.default\">\n\t\t\t\t\t\t\t\t\t\t\t\t\t\t\t<img decoding=\"async\" width=\"861\" height=\"308\" src=\"https:\/\/transimex-cm.com\/wp-content\/uploads\/2025\/12\/image-2.png\" class=\"attachment-large size-large wp-image-2529\" alt=\"\" srcset=\"https:\/\/transimex-cm.com\/wp-content\/uploads\/2025\/12\/image-2.png 861w, https:\/\/transimex-cm.com\/wp-content\/uploads\/2025\/12\/image-2-300x107.png 300w, https:\/\/transimex-cm.com\/wp-content\/uploads\/2025\/12\/image-2-768x275.png 768w, https:\/\/transimex-cm.com\/wp-content\/uploads\/2025\/12\/image-2-18x6.png 18w\" sizes=\"(max-width: 861px) 100vw, 861px\" \/>\t\t\t\t\t\t\t\t\t\t\t\t\t\t\t<\/div>\n\t\t\t\t<\/div>\n\t\t\t\t<\/div>\n\t\t\t\t<\/div>","protected":false},"excerpt":{"rendered":"<p>NOS PROJETS PROJET SEALINK TRANSIMEX fait partie du projet SEALINK bas\u00e9 au Nigeria, dont la mission premi\u00e8re est de compl\u00e9ter [&hellip;]<\/p>\n","protected":false},"author":1,"featured_media":0,"parent":0,"menu_order":0,"comment_status":"closed","ping_status":"closed","template":"","meta":{"site-sidebar-layout":"no-sidebar","site-content-layout":"","ast-site-content-layout":"full-width-container","site-content-style":"default","site-sidebar-style":"default","ast-global-header-display":"","ast-banner-title-visibility":"","ast-main-header-display":"","ast-hfb-above-header-display":"","ast-hfb-below-header-display":"","ast-hfb-mobile-header-display":"","site-post-title":"","ast-breadcrumbs-content":"","ast-featured-img":"disabled","footer-sml-layout":"","theme-transparent-header-meta":"","adv-header-id-meta":"","stick-header-meta":"","header-above-stick-meta":"","header-main-stick-meta":"","header-below-stick-meta":"","astra-migrate-meta-layouts":"default","ast-page-background-enabled":"default","ast-page-background-meta":{"desktop":{"background-color":"var(--ast-global-color-5)","background-image":"","background-repeat":"repeat","background-position":"center center","background-size":"auto","background-attachment":"scroll","background-type":"","background-media":"","overlay-type":"","overlay-color":"","overlay-opacity":"","overlay-gradient":""},"tablet":{"background-color":"","background-image":"","background-repeat":"repeat","background-position":"center center","background-size":"auto","background-attachment":"scroll","background-type":"","background-media":"","overlay-type":"","overlay-color":"","overlay-opacity":"","overlay-gradient":""},"mobile":{"background-color":"","background-image":"","background-repeat":"repeat","background-position":"center center","background-size":"auto","background-attachment":"scroll","background-type":"","background-media":"","overlay-type":"","overlay-color":"","overlay-opacity":"","overlay-gradient":""}},"ast-content-background-meta":{"desktop":{"background-color":"var(--ast-global-color-4)","background-image":"","background-repeat":"repeat","background-position":"center center","background-size":"auto","background-attachment":"scroll","background-type":"","background-media":"","overlay-type":"","overlay-color":"","overlay-opacity":"","overlay-gradient":""},"tablet":{"background-color":"var(--ast-global-color-4)","background-image":"","background-repeat":"repeat","background-position":"center center","background-size":"auto","background-attachment":"scroll","background-type":"","background-media":"","overlay-type":"","overlay-color":"","overlay-opacity":"","overlay-gradient":""},"mobile":{"background-color":"var(--ast-global-color-4)","background-image":"","background-repeat":"repeat","background-position":"center center","background-size":"auto","background-attachment":"scroll","background-type":"","background-media":"","overlay-type":"","overlay-color":"","overlay-opacity":"","overlay-gradient":""}},"footnotes":""},"class_list":["post-2327","page","type-page","status-publish","hentry"],"_links":{"self":[{"href":"https:\/\/transimex-cm.com\/en\/wp-json\/wp\/v2\/pages\/2327","targetHints":{"allow":["GET"]}}],"collection":[{"href":"https:\/\/transimex-cm.com\/en\/wp-json\/wp\/v2\/pages"}],"about":[{"href":"https:\/\/transimex-cm.com\/en\/wp-json\/wp\/v2\/types\/page"}],"author":[{"embeddable":true,"href":"https:\/\/transimex-cm.com\/en\/wp-json\/wp\/v2\/users\/1"}],"replies":[{"embeddable":true,"href":"https:\/\/transimex-cm.com\/en\/wp-json\/wp\/v2\/comments?post=2327"}],"version-history":[{"count":82,"href":"https:\/\/transimex-cm.com\/en\/wp-json\/wp\/v2\/pages\/2327\/revisions"}],"predecessor-version":[{"id":2601,"href":"https:\/\/transimex-cm.com\/en\/wp-json\/wp\/v2\/pages\/2327\/revisions\/2601"}],"wp:attachment":[{"href":"https:\/\/transimex-cm.com\/en\/wp-json\/wp\/v2\/media?parent=2327"}],"curies":[{"name":"wp","href":"https:\/\/api.w.org\/{rel}","templated":true}]}}